{"id":1664,"date":"2026-05-11T08:53:03","date_gmt":"2026-05-11T08:53:03","guid":{"rendered":"https:\/\/www.raumwende.de\/?page_id=1664"},"modified":"2026-05-11T09:11:36","modified_gmt":"2026-05-11T09:11:36","slug":"vorher-nachher","status":"publish","type":"page","link":"https:\/\/www.raumwende.de\/index.php\/vorher-nachher\/","title":{"rendered":"Vorher &#8211; Nachher"},"content":{"rendered":"\n<p class=\"has-medium-font-size\"><strong>Vorher-Nachher<\/strong><\/p>\n\n\n\n<p>Bestimmte Bereiche einer Wohnung gelten im traditionellen Feng Shui als <strong>Ju\u2011Qi\u2011Pol<\/strong>. Das sind jene Punkte, an denen die Energie besonders stark geb\u00fcndelt ist und die Aufmerksamkeit sofort auf sich ziehen. Werden diese Zonen jedoch vernachl\u00e4ssigt oder lieblos gestaltet wirken sie entweder kahl oder \u00fcberladen. St\u00f6\u00dft so eine Ecke zus\u00e4tzlich auf eine Himmelsrichtung, die ung\u00fcnstige Energie ins Haus bringt, kann das die Bewohner sp\u00fcrbar beeintr\u00e4chtigen.<\/p>\n\n\n\n<p>Um Mieter\/in zu sch\u00fctzen und die Energie zu harmonisieren, empfiehlt es sich, genau dort einen <strong>bewussten Blickfang<\/strong> zu platzieren. In diesem Fall war eine Fensterfolie im entsprechenden Element des F\u00fcnf\u2011Elemente\u2011Zyklus die ideale Wahl.<\/p>\n\n\n\n<p>Des Weiteren bekam ein bereits vorhandenes Regal aus einem anderen Zimmer hier seinen neuen Platz, welches mit Medaillen und Pokalen best\u00fcckt wurde \u2013 Gegenst\u00e4nde, die hier nicht nur besser zur Geltung kommen, sondern auch die Person in ihrer Kraft st\u00e4rken. Feng Shui ist immer individuell. Deshalb gibt es zahlreiche weitere M\u00f6glichkeiten, solche Bereiche zu aktivieren und positiv zu gestalten.<\/p>\n\n\n\n<div class=\"wp-block-responsive-lightbox-gallery\"><div id='gallery-1' data-style='&quot;\\r\\n\\t\\t&lt;style type=&#039;text\\\/css&#039;&gt;\\r\\n\\t\\t\\t#gallery-1 {\\r\\n\\t\\t\\t\\tmargin: auto;\\r\\n\\t\\t\\t\\tjustify-content: center;\\r\\n\\t\\t\\t}\\r\\n\\t\\t\\t#gallery-1 .gallery-item {\\r\\n\\t\\t\\t\\tfloat: left;\\r\\n\\t\\t\\t\\tmargin-top: 10px;\\r\\n\\t\\t\\t\\ttext-align: center;\\r\\n\\t\\t\\t\\twidth: 50%;\\r\\n\\t\\t\\t}\\r\\n\\t\\t\\t#gallery-1 .gallery-caption {\\r\\n\\t\\t\\t\\tmargin-left: 0;\\r\\n\\t\\t\\t}\\r\\n\\t\\t&lt;\\\/style&gt;&quot;' class='gallery galleryid-1664 render_styles'><div class='gallery-item _size col_2'>\r\n\t\t<div class='gallery-icon'>\r\n\t\t\t<a href='https:\/\/www.raumwende.de\/wp-content\/uploads\/2026\/05\/Salmuenster-Vorher-scaled.jpg' title=\"\" data-rl_title=\"\" class=\"rl-gallery-link\" data-rl_caption=\"\" data-rel=\"lightbox-gallery-0\"><div class='gallery-icon-link'><\/div><img loading=\"lazy\" decoding=\"async\" width=\"768\" height=\"1024\" src=\"https:\/\/www.raumwende.de\/wp-content\/uploads\/2026\/05\/Salmuenster-Vorher-768x1024.jpg\" class=\"attachment-medium_large size-medium_large\" alt=\"\" srcset=\"https:\/\/www.raumwende.de\/wp-content\/uploads\/2026\/05\/Salmuenster-Vorher-768x1024.jpg 768w, https:\/\/www.raumwende.de\/wp-content\/uploads\/2026\/05\/Salmuenster-Vorher-225x300.jpg 225w, https:\/\/www.raumwende.de\/wp-content\/uploads\/2026\/05\/Salmuenster-Vorher-1152x1536.jpg 1152w, https:\/\/www.raumwende.de\/wp-content\/uploads\/2026\/05\/Salmuenster-Vorher-1536x2048.jpg 1536w, https:\/\/www.raumwende.de\/wp-content\/uploads\/2026\/05\/Salmuenster-Vorher-scaled.jpg 1920w\" sizes=\"auto, (max-width: 768px) 100vw, 768px\" \/><\/a>\r\n\t\t<\/div>\r\n\t\t\t<div class='gallery-caption'>\r\n\t\t\t\tVorher\r\n\t\t\t<\/div><\/div><div class='gallery-item _size col_2'>\r\n\t\t<div class='gallery-icon'>\r\n\t\t\t<a href='https:\/\/www.raumwende.de\/wp-content\/uploads\/2026\/05\/Salmuenster-Nachher-scaled.jpeg' title=\"\" data-rl_title=\"\" class=\"rl-gallery-link\" data-rl_caption=\"\" data-rel=\"lightbox-gallery-0\"><div class='gallery-icon-link'><\/div><img loading=\"lazy\" decoding=\"async\" width=\"768\" height=\"1024\" src=\"https:\/\/www.raumwende.de\/wp-content\/uploads\/2026\/05\/Salmuenster-Nachher-768x1024.jpeg\" class=\"attachment-medium_large size-medium_large\" alt=\"\" srcset=\"https:\/\/www.raumwende.de\/wp-content\/uploads\/2026\/05\/Salmuenster-Nachher-768x1024.jpeg 768w, https:\/\/www.raumwende.de\/wp-content\/uploads\/2026\/05\/Salmuenster-Nachher-225x300.jpeg 225w, https:\/\/www.raumwende.de\/wp-content\/uploads\/2026\/05\/Salmuenster-Nachher-1152x1536.jpeg 1152w, https:\/\/www.raumwende.de\/wp-content\/uploads\/2026\/05\/Salmuenster-Nachher-1536x2048.jpeg 1536w, https:\/\/www.raumwende.de\/wp-content\/uploads\/2026\/05\/Salmuenster-Nachher-scaled.jpeg 1920w\" sizes=\"auto, (max-width: 768px) 100vw, 768px\" \/><\/a>\r\n\t\t<\/div>\r\n\t\t\t<div class='gallery-caption'>\r\n\t\t\t\tNachher\r\n\t\t\t<\/div><\/div><br style=\"clear: both\">\r\n\t\t<br style='clear: both;'>\r\n\t<\/div>\n<\/div>\n","protected":false},"excerpt":{"rendered":"<p>Vorher-Nachher Bestimmte Bereiche einer Wohnung gelten im traditionellen Feng Shui als Ju\u2011Qi\u2011Pol. Das sind jene Punkte, an denen die Energie besonders stark geb\u00fcndelt ist und die Aufmerksamkeit sofort auf sich ziehen. Werden diese Zonen jedoch vernachl\u00e4ssigt oder lieblos gestaltet wirken sie entweder kahl oder \u00fcberladen. St\u00f6\u00dft so eine Ecke zus\u00e4tzlich auf eine Himmelsrichtung, die ung\u00fcnstige [&hellip;]<\/p>\n","protected":false},"author":1,"featured_media":0,"parent":0,"menu_order":0,"comment_status":"closed","ping_status":"closed","template":"","meta":{"om_disable_all_campaigns":false,"_monsterinsights_skip_tracking":false,"_monsterinsights_sitenote_active":false,"_monsterinsights_sitenote_note":"","_monsterinsights_sitenote_category":0,"_uf_show_specific_survey":0,"_uf_disable_surveys":false,"footnotes":"","_links_to":"","_links_to_target":""},"class_list":["post-1664","page","type-page","status-publish","hentry"],"aioseo_notices":[],"_links":{"self":[{"href":"https:\/\/www.raumwende.de\/index.php\/wp-json\/wp\/v2\/pages\/1664","targetHints":{"allow":["GET"]}}],"collection":[{"href":"https:\/\/www.raumwende.de\/index.php\/wp-json\/wp\/v2\/pages"}],"about":[{"href":"https:\/\/www.raumwende.de\/index.php\/wp-json\/wp\/v2\/types\/page"}],"author":[{"embeddable":true,"href":"https:\/\/www.raumwende.de\/index.php\/wp-json\/wp\/v2\/users\/1"}],"replies":[{"embeddable":true,"href":"https:\/\/www.raumwende.de\/index.php\/wp-json\/wp\/v2\/comments?post=1664"}],"version-history":[{"count":11,"href":"https:\/\/www.raumwende.de\/index.php\/wp-json\/wp\/v2\/pages\/1664\/revisions"}],"predecessor-version":[{"id":1682,"href":"https:\/\/www.raumwende.de\/index.php\/wp-json\/wp\/v2\/pages\/1664\/revisions\/1682"}],"wp:attachment":[{"href":"https:\/\/www.raumwende.de\/index.php\/wp-json\/wp\/v2\/media?parent=1664"}],"curies":[{"name":"wp","href":"https:\/\/api.w.org\/{rel}","templated":true}]}}